{"id":147,"date":"2025-03-21T21:33:08","date_gmt":"2025-03-21T21:33:08","guid":{"rendered":"https:\/\/cadtec.com.br\/vectorworks-noticias\/?page_id=147"},"modified":"2025-03-26T01:08:30","modified_gmt":"2025-03-26T01:08:30","slug":"spotlight-recursos","status":"publish","type":"page","link":"https:\/\/cadtec.com.br\/vectorworks-noticias\/spotlight-recursos\/","title":{"rendered":"Spotlight &#8211; Recursos"},"content":{"rendered":"\n<div class=\"wp-block-stackable-hero alignfull stk-block-hero stk-block stk-e564f30 stk-block-background is-style-horizontal stk--has-background-overlay\" data-v=\"2\" data-block-id=\"e564f30\"><style>.stk-e564f30 {background-color:#FFFFFF !important;background-image:url(https:\/\/cadtec.com.br\/vectorworks-noticias\/wp-content\/uploads\/2025\/03\/hero-spot-xl-5200x1450-1-scaled.webp) !important;padding-top:0px !important;padding-right:0px !important;padding-bottom:0px !important;padding-left:0px !important;margin-top:0px !important;margin-bottom:0px !important;}.stk-e564f30:before{background-color:#FFFFFF !important;opacity:0 !important;}.stk-e564f30 .stk-block-hero__content{min-height:500px !important;align-items:center !important;display:flex !important;}<\/style><div class=\"stk-block-hero__content stk-content-align stk-e564f30-column alignfull stk-container stk-e564f30-container stk--no-background stk--no-padding\"><div class=\"stk-block-content stk-inner-blocks stk-e564f30-inner-blocks\">\n<div class=\"wp-block-stackable-columns stk-block-columns stk-block stk-c7d5c40\" data-block-id=\"c7d5c40\"><style>.stk-c7d5c40 {margin-top:0px !important;margin-bottom:0px !important;}<\/style><div class=\"stk-row stk-inner-blocks stk-block-content stk-content-align stk-c7d5c40-column\">\n<div class=\"wp-block-stackable-column stk-block-column stk-column stk-block stk-34c5a79\" data-v=\"4\" data-block-id=\"34c5a79\"><style>.stk-34c5a79-container{margin-top:32px !important;margin-right:32px !important;margin-bottom:32px !important;margin-left:32px !important;}.stk-34c5a79-inner-blocks{justify-content:center !important;}@media screen and (min-width:690px){.stk-34c5a79 {flex:var(--stk-flex-grow, 1) 1 calc(43% - var(--stk-column-gap, 0px) * 1 \/ 2 ) !important;}}@media screen and (min-width:690px) and (max-width:999px){.stk-34c5a79 {flex:var(--stk-flex-grow, 1) 1 calc(65% - var(--stk-column-gap, 0px) * 1 \/ 2 ) !important;}}<\/style><div class=\"stk-column-wrapper stk-block-column__content stk-container stk-34c5a79-container stk--no-background stk--no-padding\"><div class=\"has-text-align-left stk--column-flex stk-block-content stk-inner-blocks stk-34c5a79-inner-blocks\">\n<div class=\"wp-block-stackable-heading stk-block-heading stk-block-heading--v2 stk-block stk-26f94ea\" id=\"coloque-sua-criatividade-no-centro-do-palco\" data-block-id=\"26f94ea\"><style>.stk-26f94ea .stk-block-heading__bottom-line{width:30px !important;background-color:var(--theme-palette-color-8, #ffffff) !important;margin-top:22px !important;}.stk-26f94ea {padding-top:0px !important;padding-right:0px !important;padding-bottom:0px !important;padding-left:0px !important;margin-top:50px !important;}.stk-26f94ea .stk-block-heading__text{color:#ffffff !important;line-height:1em !important;text-transform:uppercase !important;}<\/style><h1 class=\"stk-block-heading__text has-text-color\">Coloque sua criatividade no centro do palco<\/h1><div class=\"stk-block-heading__bottom-line\"><\/div><\/div>\n\n\n\n<div class=\"wp-block-stackable-text stk-block-text stk-block stk-94fa65c\" data-block-id=\"94fa65c\"><style>.stk-94fa65c {margin-top:0px !important;}.stk-94fa65c .stk-block-text__text{color:#ffffff !important;text-transform:uppercase !important;}<\/style><p class=\"stk-block-text__text has-text-color\">O padr\u00e3o da ind\u00fastria para software de ilumina\u00e7\u00e3o e design de palco<\/p><\/div>\n<\/div><\/div><\/div>\n\n\n\n<div class=\"wp-block-stackable-column stk-block-column stk-column stk-block stk-ea66604\" data-v=\"4\" data-block-id=\"ea66604\"><style>.stk-ea66604-container{margin-top:0px !important;margin-right:0px !important;margin-bottom:0px !important;margin-left:0px !important;}@media screen and (min-width:690px){.stk-ea66604 {flex:var(--stk-flex-grow, 1) 1 calc(57% - var(--stk-column-gap, 0px) * 1 \/ 2 ) !important;}}<\/style><div class=\"stk-column-wrapper stk-block-column__content stk-container stk-ea66604-container stk--no-background stk--no-padding\"><div class=\"stk-block-content stk-inner-blocks stk-ea66604-inner-blocks\"><\/div><\/div><\/div>\n<\/div><\/div>\n<\/div><\/div><\/div>\n\n\n\n<div class=\"wp-block-stackable-carousel alignfull stk-block-carousel stk--is-slide stk--arrows-justify-space-between stk--arrows-align-center stk-block stk-2985fad\" data-slides-to-show=\"\" data-block-id=\"2985fad\"><style>.stk-2985fad .stk-block-carousel__button{background:#00bcb4 !important;opacity:0.27 !important;}.stk-2985fad {--button-width:40px !important;--dot-size:16px !important;--dot-active-width:40px !important;}.stk-2985fad .stk-block-carousel__dots{--dot-offset:8px !important;}.stk-2985fad .stk-block-carousel__dot.stk-block-carousel__dot--active:before{background-color:#00bcb4 !important;}<\/style><div class=\"stk-block-carousel__content-wrapper\"><div class=\"stk-row stk-inner-blocks stk-block-content stk-block-carousel__slider-wrapper stk-content-align stk-2985fad-column alignfull\"><div class=\"stk-block-carousel__slider\" role=\"list\" data-label-slide-of=\"Slide %%d of %%d\">\n<div class=\"wp-block-stackable-column stk-block-column stk-column stk-block stk-4d40bec\" data-v=\"4\" data-block-id=\"4d40bec\"><div class=\"stk-column-wrapper stk-block-column__content stk-container stk-4d40bec-container stk--no-background stk--no-padding\"><div class=\"stk-block-content stk-inner-blocks stk-4d40bec-inner-blocks\">\n<div class=\"wp-block-stackable-columns stk-block-columns stk-block stk-cb8b310\" data-block-id=\"cb8b310\"><style>.stk-cb8b310 .stk--block-align-cb8b310{align-items:center !important;}.stk-cb8b310-column{--stk-columns-spacing:0px !important;--stk-column-gap:75px !important;}<\/style><div class=\"stk-row stk-inner-blocks stk--block-align-cb8b310 stk-block-content stk-content-align stk-cb8b310-column\">\n<div class=\"wp-block-stackable-column stk-block-column stk-column stk-block stk-e83ae90\" data-v=\"4\" data-block-id=\"e83ae90\"><style>.stk-e83ae90-container{margin-top:26px !important;margin-right:26px !important;margin-bottom:26px !important;margin-left:26px !important;}.stk-e83ae90 {padding-left:55px !important;}@media screen and (min-width:690px){.stk-e83ae90 {flex:var(--stk-flex-grow, 1) 1 calc(33.333% - var(--stk-column-gap, 0px) * 1 \/ 2 ) !important;}}@media screen and (max-width:689px){.stk-e83ae90 {padding-left:0px !important;}}<\/style><div class=\"stk-column-wrapper stk-block-column__content stk-container stk-e83ae90-container stk--no-background stk--no-padding\"><div class=\"stk-block-content stk-inner-blocks stk-e83ae90-inner-blocks\">\n<h2 class=\"wp-block-heading has-white-color has-text-color has-link-color wp-elements-ff02130175200ecafa831279a2a40914\">SOFTWARE COMPLETO PARA PROJETOS DE ENTRETENIMENTO<\/h2>\n\n\n\n<h5 class=\"wp-block-heading has-white-color has-text-color has-link-color wp-elements-6ac9e92e7812996c1604591dff29f922\">Projeto C\u00eanico<\/h5>\n\n\n\n<p class=\"has-white-color has-text-color has-link-color wp-elements-085cb9334b3615ef2fd273f391e4d34c\">Esboce e modele em forma livre em um software de projto de est\u00e1gio para levar suas ideias do desenho conceitual ao projeto conclu\u00eddo com modelos 3D detalhados. Aplique texturas para profundidade e adicione vida \u00e0s suas cenas. Gere e compartilhe desenhos precisos de constru\u00e7\u00e3o c\u00eanica prontos para produ\u00e7\u00e3o.<\/p>\n<\/div><\/div><\/div>\n\n\n\n<div class=\"wp-block-stackable-column stk-block-column stk-column stk-block stk-99e23b9\" data-v=\"4\" data-block-id=\"99e23b9\"><style>@media screen and (min-width:690px){.stk-99e23b9 {flex:var(--stk-flex-grow, 1) 1 calc(66.667% - var(--stk-column-gap, 0px) * 1 \/ 2 ) !important;}}<\/style><div class=\"stk-column-wrapper stk-block-column__content stk-container stk-99e23b9-container stk--no-background stk--no-padding\"><div class=\"stk-block-content stk-inner-blocks stk-99e23b9-inner-blocks\">\n<figure class=\"wp-block-video alignright videoCaroussel\"><video height=\"1080\" style=\"aspect-ratio: 1920 \/ 1080;\" width=\"1920\" autoplay loop muted src=\"https:\/\/cadtec.com.br\/vectorworks-noticias\/wp-content\/uploads\/2025\/03\/scenic_design.webm\" playsinline><\/video><\/figure>\n<\/div><\/div><\/div>\n<\/div><\/div>\n<\/div><\/div><\/div>\n\n\n\n<div class=\"wp-block-stackable-column stk-block-column stk-column stk-block stk-32bfc0e\" data-v=\"4\" data-block-id=\"32bfc0e\"><div class=\"stk-column-wrapper stk-block-column__content stk-container stk-32bfc0e-container stk--no-background stk--no-padding\"><div class=\"stk-block-content stk-inner-blocks stk-32bfc0e-inner-blocks\">\n<div class=\"wp-block-stackable-columns stk-block-columns stk-block stk-651c274\" data-block-id=\"651c274\"><style>.stk-651c274 .stk--block-align-651c274{align-items:center !important;}.stk-651c274-column{--stk-columns-spacing:0px !important;--stk-column-gap:75px !important;}<\/style><div class=\"stk-row stk-inner-blocks stk--block-align-651c274 stk-block-content stk-content-align stk-651c274-column\">\n<div class=\"wp-block-stackable-column stk-block-column stk-column stk-block stk-01b15de\" data-v=\"4\" data-block-id=\"01b15de\"><style>.stk-01b15de-container{margin-top:26px !important;margin-right:26px !important;margin-bottom:26px !important;margin-left:26px !important;}.stk-01b15de {padding-left:55px !important;}@media screen and (min-width:690px){.stk-01b15de {flex:var(--stk-flex-grow, 1) 1 calc(33.333% - var(--stk-column-gap, 0px) * 1 \/ 2 ) !important;}}@media screen and (max-width:689px){.stk-01b15de {padding-left:0px !important;}}<\/style><div class=\"stk-column-wrapper stk-block-column__content stk-container stk-01b15de-container stk--no-background stk--no-padding\"><div class=\"stk-block-content stk-inner-blocks stk-01b15de-inner-blocks\">\n<h2 class=\"wp-block-heading has-white-color has-text-color has-link-color wp-elements-ff02130175200ecafa831279a2a40914\">SOFTWARE COMPLETO PARA PROJETOS DE ENTRETENIMENTO<\/h2>\n\n\n\n<h5 class=\"wp-block-heading has-white-color has-text-color has-link-color wp-elements-fa0eb83094cbd6b59d95a16fbc040588\">Projeto de Ilumina\u00e7\u00e3o<\/h5>\n\n\n\n<p class=\"has-white-color has-text-color has-link-color wp-elements-cfd5d0eddc273ba5992476aafea03a98\">Uma biblioteca interna de instrumentos e treli\u00e7as para design de ilumina\u00e7\u00e3o mant\u00e9m voc\u00ea em movimento sob prazos apertados. Aplique patches em seu show e exporte os dados usando GDTF e MVR e visualize e compartilhe seus designs com modos de renderiza\u00e7\u00e3o<\/p>\n<\/div><\/div><\/div>\n\n\n\n<div class=\"wp-block-stackable-column stk-block-column stk-column stk-block stk-98dbf7b\" data-v=\"4\" data-block-id=\"98dbf7b\"><style>@media screen and (min-width:690px){.stk-98dbf7b {flex:var(--stk-flex-grow, 1) 1 calc(66.667% - var(--stk-column-gap, 0px) * 1 \/ 2 ) !important;}}<\/style><div class=\"stk-column-wrapper stk-block-column__content stk-container stk-98dbf7b-container stk--no-background stk--no-padding\"><div class=\"stk-block-content stk-inner-blocks stk-98dbf7b-inner-blocks\">\n<figure class=\"wp-block-video alignright videoCaroussel\"><video height=\"1080\" style=\"aspect-ratio: 1920 \/ 1080;\" width=\"1920\" autoplay loop muted src=\"https:\/\/cadtec.com.br\/vectorworks-noticias\/wp-content\/uploads\/2025\/03\/lighting_design-1.webm\" playsinline><\/video><\/figure>\n<\/div><\/div><\/div>\n<\/div><\/div>\n<\/div><\/div><\/div>\n\n\n\n<div class=\"wp-block-stackable-column stk-block-column stk-column stk-block stk-9fefc5e\" data-v=\"4\" data-block-id=\"9fefc5e\"><div class=\"stk-column-wrapper stk-block-column__content stk-container stk-9fefc5e-container stk--no-background stk--no-padding\"><div class=\"stk-block-content stk-inner-blocks stk-9fefc5e-inner-blocks\">\n<div class=\"wp-block-stackable-columns stk-block-columns stk-block stk-f3d9f97\" data-block-id=\"f3d9f97\"><style>.stk-f3d9f97 .stk--block-align-f3d9f97{align-items:center !important;}.stk-f3d9f97-column{--stk-columns-spacing:0px !important;--stk-column-gap:75px !important;}<\/style><div class=\"stk-row stk-inner-blocks stk--block-align-f3d9f97 stk-block-content stk-content-align stk-f3d9f97-column\">\n<div class=\"wp-block-stackable-column stk-block-column stk-column stk-block stk-b002cdd\" data-v=\"4\" data-block-id=\"b002cdd\"><style>.stk-b002cdd-container{margin-top:26px !important;margin-right:26px !important;margin-bottom:26px !important;margin-left:26px !important;}.stk-b002cdd {padding-left:55px !important;}@media screen and (min-width:690px){.stk-b002cdd {flex:var(--stk-flex-grow, 1) 1 calc(33.333% - var(--stk-column-gap, 0px) * 1 \/ 2 ) !important;}}@media screen and (max-width:689px){.stk-b002cdd {padding-left:0px !important;}}<\/style><div class=\"stk-column-wrapper stk-block-column__content stk-container stk-b002cdd-container stk--no-background stk--no-padding\"><div class=\"stk-block-content stk-inner-blocks stk-b002cdd-inner-blocks\">\n<h2 class=\"wp-block-heading has-white-color has-text-color has-link-color wp-elements-ff02130175200ecafa831279a2a40914\">SOFTWARE COMPLETO PARA PROJETOS DE ENTRETENIMENTO<\/h2>\n\n\n\n<h5 class=\"wp-block-heading has-white-color has-text-color has-link-color wp-elements-f038dd2edd0eebfa75f06b4cdcb5ad44\">Projeto de eventos<\/h5>\n\n\n\n<p class=\"has-white-color has-text-color has-link-color wp-elements-5f975abbaf2f9c71f1a8020b8c1d42b6\">Crie arranjos r\u00e1pidos de assentos e mesas com layouts 2D detalhados e renderiza\u00e7\u00f5es 3D impressionantes em um \u00fanico aplicativo. Fique por dentro dos custos do evento com planilhas integradas e refer\u00eancias do Excel. At\u00e9 mesmo automatize e exiba informa\u00e7\u00f5es detalhadas sobre itens do evento em uma documenta\u00e7\u00e3o abrangente.<\/p>\n<\/div><\/div><\/div>\n\n\n\n<div class=\"wp-block-stackable-column stk-block-column stk-column stk-block stk-e08ce12\" data-v=\"4\" data-block-id=\"e08ce12\"><style>@media screen and (min-width:690px){.stk-e08ce12 {flex:var(--stk-flex-grow, 1) 1 calc(66.667% - var(--stk-column-gap, 0px) * 1 \/ 2 ) !important;}}<\/style><div class=\"stk-column-wrapper stk-block-column__content stk-container stk-e08ce12-container stk--no-background stk--no-padding\"><div class=\"stk-block-content stk-inner-blocks stk-e08ce12-inner-blocks\">\n<figure class=\"wp-block-video alignright videoCaroussel\"><video height=\"1080\" style=\"aspect-ratio: 1920 \/ 1080;\" width=\"1920\" autoplay loop muted src=\"https:\/\/cadtec.com.br\/vectorworks-noticias\/wp-content\/uploads\/2025\/03\/event_design.webm\" playsinline><\/video><\/figure>\n<\/div><\/div><\/div>\n<\/div><\/div>\n<\/div><\/div><\/div>\n\n\n\n<div class=\"wp-block-stackable-column stk-block-column stk-column stk-block stk-84174a8\" data-v=\"4\" data-block-id=\"84174a8\"><div class=\"stk-column-wrapper stk-block-column__content stk-container stk-84174a8-container stk--no-background stk--no-padding\"><div class=\"stk-block-content stk-inner-blocks stk-84174a8-inner-blocks\">\n<div class=\"wp-block-stackable-columns stk-block-columns stk-block stk-7f39083\" data-block-id=\"7f39083\"><style>.stk-7f39083 .stk--block-align-7f39083{align-items:center !important;}.stk-7f39083-column{--stk-columns-spacing:0px !important;--stk-column-gap:75px !important;}<\/style><div class=\"stk-row stk-inner-blocks stk--block-align-7f39083 stk-block-content stk-content-align stk-7f39083-column\">\n<div class=\"wp-block-stackable-column stk-block-column stk-column stk-block stk-0f39cd7\" data-v=\"4\" data-block-id=\"0f39cd7\"><style>.stk-0f39cd7-container{margin-top:26px !important;margin-right:26px !important;margin-bottom:26px !important;margin-left:26px !important;}.stk-0f39cd7 {padding-left:55px !important;}@media screen and (min-width:690px){.stk-0f39cd7 {flex:var(--stk-flex-grow, 1) 1 calc(33.333% - var(--stk-column-gap, 0px) * 1 \/ 2 ) !important;}}@media screen and (max-width:689px){.stk-0f39cd7 {padding-left:0px !important;}}<\/style><div class=\"stk-column-wrapper stk-block-column__content stk-container stk-0f39cd7-container stk--no-background stk--no-padding\"><div class=\"stk-block-content stk-inner-blocks stk-0f39cd7-inner-blocks\">\n<h2 class=\"wp-block-heading has-white-color has-text-color has-link-color wp-elements-ff02130175200ecafa831279a2a40914\">SOFTWARE COMPLETO PARA PROJETOS DE ENTRETENIMENTO<\/h2>\n\n\n\n<h5 class=\"wp-block-heading has-white-color has-text-color has-link-color wp-elements-4026b6dc0defdec5a9bc314f052c959b\">Gest\u00e3o da Produ\u00e7\u00e3o<\/h5>\n\n\n\n<p class=\"has-white-color has-text-color has-link-color wp-elements-0bdc6cede86d0e90c9ef8d507a77909d\">Acompanhe os detalhes do projeto enquanto colabora com sua equipe por meio de habilidades de Compartilhamento de Projetos. Entenda como as escolhas de design impactam as decis\u00f5es de resultados usando dados integrados. E anote e marque desenhos para que t\u00e9cnicos e instaladores tomem decis\u00f5es e colaborem em contexto.<\/p>\n<\/div><\/div><\/div>\n\n\n\n<div class=\"wp-block-stackable-column stk-block-column stk-column stk-block stk-3d33516\" data-v=\"4\" data-block-id=\"3d33516\"><style>@media screen and (min-width:690px){.stk-3d33516 {flex:var(--stk-flex-grow, 1) 1 calc(66.667% - var(--stk-column-gap, 0px) * 1 \/ 2 ) !important;}}<\/style><div class=\"stk-column-wrapper stk-block-column__content stk-container stk-3d33516-container stk--no-background stk--no-padding\"><div class=\"stk-block-content stk-inner-blocks stk-3d33516-inner-blocks\">\n<figure class=\"wp-block-video alignright videoCaroussel\"><video height=\"1080\" style=\"aspect-ratio: 1920 \/ 1080;\" width=\"1920\" autoplay loop muted src=\"https:\/\/cadtec.com.br\/vectorworks-noticias\/wp-content\/uploads\/2025\/03\/production_management.webm\" playsinline><\/video><\/figure>\n<\/div><\/div><\/div>\n<\/div><\/div>\n<\/div><\/div><\/div>\n<\/div><div class=\"stk-block-carousel__buttons\"><button class=\"stk-block-carousel__button stk-block-carousel__button__prev\" aria-label=\"Previous slide\"><svg aria-hidden=\"true\" focusable=\"false\" data-prefix=\"fas\" data-icon=\"chevron-left\" class=\"svg-inline--fa fa-chevron-left\" xmlns=\"http:\/\/www.w3.org\/2000\/svg\" viewBox=\"0 0 320 512\" width=\"32\" height=\"32\"><path d=\"M34.52 239.03L228.87 44.69c9.37-9.37 24.57-9.37 33.94 0l22.67 22.67c9.36 9.36 9.37 24.52.04 33.9L131.49 256l154.02 154.75c9.34 9.38 9.32 24.54-.04 33.9l-22.67 22.67c-9.37 9.37-24.57 9.37-33.94 0L34.52 272.97c-9.37-9.37-9.37-24.57 0-33.94z\"><\/path><\/svg><\/button><button class=\"stk-block-carousel__button stk-block-carousel__button__next\" aria-label=\"Next slide\"><svg aria-hidden=\"true\" focusable=\"false\" data-prefix=\"fas\" data-icon=\"chevron-right\" class=\"svg-inline--fa fa-chevron-right\" xmlns=\"http:\/\/www.w3.org\/2000\/svg\" viewBox=\"0 0 320 512\" width=\"32\" height=\"32\"><path d=\"M285.476 272.971L91.132 467.314c-9.373 9.373-24.569 9.373-33.941 0l-22.667-22.667c-9.357-9.357-9.375-24.522-.04-33.901L188.505 256 34.484 101.255c-9.335-9.379-9.317-24.544.04-33.901l22.667-22.667c9.373-9.373 24.569-9.373 33.941 0L285.475 239.03c9.373 9.372 9.373 24.568.001 33.941z\"><\/path><\/svg><\/button><\/div><\/div><div class=\"stk-block-carousel__dots\" role=\"list\" data-label=\"Slide %%d\"><\/div><\/div><\/div>\n\n\n\n<div class=\"wp-block-stackable-columns alignfull stk-block-columns stk-block stk-5c7c06e\" data-block-id=\"5c7c06e\"><style>.stk-5c7c06e .stk--block-align-5c7c06e{align-items:center !important;}.stk-5c7c06e-column{--stk-columns-spacing:0px !important;--stk-column-gap:75px !important;}<\/style><div class=\"stk-row stk-inner-blocks stk--block-align-5c7c06e stk-block-content stk-content-align stk-5c7c06e-column alignfull\">\n<div class=\"wp-block-stackable-column stk-block-column stk-column stk-block stk-5aa4a6d\" data-v=\"4\" data-block-id=\"5aa4a6d\"><style>.stk-5aa4a6d-container{margin-top:26px !important;margin-right:26px !important;margin-bottom:26px !important;margin-left:26px !important;}.stk-5aa4a6d {padding-left:55px !important;}@media screen and (min-width:690px){.stk-5aa4a6d {flex:var(--stk-flex-grow, 1) 1 calc(33.333% - var(--stk-column-gap, 0px) * 1 \/ 2 ) !important;}}@media screen and (max-width:689px){.stk-5aa4a6d {padding-left:0px !important;}}<\/style><div class=\"stk-column-wrapper stk-block-column__content stk-container stk-5aa4a6d-container stk--no-background stk--no-padding\"><div class=\"stk-block-content stk-inner-blocks stk-5aa4a6d-inner-blocks\">\n<h2 class=\"wp-block-heading has-white-color has-text-color has-link-color wp-elements-0e4ffd162a1495568f79851de27cf1c2\" style=\"text-transform:uppercase\">Seja o sonhador e o realizador<\/h2>\n\n\n\n<p class=\"has-white-color has-text-color has-link-color wp-elements-1c8efb36c86291a43dfa08f6c7c0c086\">Esboce, modele e documente suas ideias com recursos de desenho de precis\u00e3o e o mecanismo de modelagem 3D mais flex\u00edvel dispon\u00edvel, tudo refor\u00e7ado por uma ampla biblioteca de conte\u00fado do fabricante para ajudar a dar vida \u00e0s ideias.integrados. E anote e marque desenhos para que t\u00e9cnicos e instaladores tomem decis\u00f5es e colaborem em contexto.<\/p>\n<\/div><\/div><\/div>\n\n\n\n<div class=\"wp-block-stackable-column stk-block-column stk-column stk-block stk-d735dd4\" data-v=\"4\" data-block-id=\"d735dd4\"><style>.stk-d735dd4 {padding-top:0px !important;padding-right:0px !important;padding-bottom:0px !important;padding-left:0px !important;margin-right:0px !important;}@media screen and (min-width:690px){.stk-d735dd4 {flex:var(--stk-flex-grow, 1) 1 calc(66.667% - var(--stk-column-gap, 0px) * 1 \/ 2 ) !important;}}<\/style><div class=\"stk-column-wrapper stk-block-column__content stk-container stk-d735dd4-container stk--no-background stk--no-padding\"><div class=\"stk-block-content stk-inner-blocks stk-d735dd4-inner-blocks\">\n<figure class=\"wp-block-image alignfull size-large\" style=\"margin-right:0px\"><img loading=\"lazy\" decoding=\"async\" width=\"1024\" height=\"683\" src=\"https:\/\/cadtec.com.br\/vectorworks-noticias\/wp-content\/uploads\/2025\/03\/spotlight-dreamer-doer-1024x683.webp\" alt=\"Imagem contendo o projeto de um palco futurista. \" class=\"wp-image-192\" srcset=\"https:\/\/cadtec.com.br\/vectorworks-noticias\/wp-content\/uploads\/2025\/03\/spotlight-dreamer-doer-1024x683.webp 1024w, https:\/\/cadtec.com.br\/vectorworks-noticias\/wp-content\/uploads\/2025\/03\/spotlight-dreamer-doer-300x200.webp 300w, https:\/\/cadtec.com.br\/vectorworks-noticias\/wp-content\/uploads\/2025\/03\/spotlight-dreamer-doer-768x512.webp 768w, https:\/\/cadtec.com.br\/vectorworks-noticias\/wp-content\/uploads\/2025\/03\/spotlight-dreamer-doer-1536x1025.webp 1536w, https:\/\/cadtec.com.br\/vectorworks-noticias\/wp-content\/uploads\/2025\/03\/spotlight-dreamer-doer.webp 2000w\" sizes=\"auto, (max-width: 1024px) 100vw, 1024px\" \/><\/figure>\n<\/div><\/div><\/div>\n<\/div><\/div>\n\n\n\n<p><\/p>\n","protected":false},"excerpt":{"rendered":"<p>Coloque sua criatividade no centro do palco O padr\u00e3o da ind\u00fastria para software de ilumina\u00e7\u00e3o e design de palco Seja o sonhador e o realizador Esboce, modele e documente suas ideias com recursos de desenho de precis\u00e3o e o mecanismo de modelagem 3D mais flex\u00edvel dispon\u00edvel, tudo refor\u00e7ado por uma ampla biblioteca de conte\u00fado do [&hellip;]<\/p>\n","protected":false},"author":1,"featured_media":0,"parent":0,"menu_order":0,"comment_status":"closed","ping_status":"closed","template":"","meta":{"footnotes":""},"class_list":["post-147","page","type-page","status-publish","hentry"],"blocksy_meta":[],"_links":{"self":[{"href":"https:\/\/cadtec.com.br\/vectorworks-noticias\/wp-json\/wp\/v2\/pages\/147","targetHints":{"allow":["GET"]}}],"collection":[{"href":"https:\/\/cadtec.com.br\/vectorworks-noticias\/wp-json\/wp\/v2\/pages"}],"about":[{"href":"https:\/\/cadtec.com.br\/vectorworks-noticias\/wp-json\/wp\/v2\/types\/page"}],"author":[{"embeddable":true,"href":"https:\/\/cadtec.com.br\/vectorworks-noticias\/wp-json\/wp\/v2\/users\/1"}],"replies":[{"embeddable":true,"href":"https:\/\/cadtec.com.br\/vectorworks-noticias\/wp-json\/wp\/v2\/comments?post=147"}],"version-history":[{"count":20,"href":"https:\/\/cadtec.com.br\/vectorworks-noticias\/wp-json\/wp\/v2\/pages\/147\/revisions"}],"predecessor-version":[{"id":194,"href":"https:\/\/cadtec.com.br\/vectorworks-noticias\/wp-json\/wp\/v2\/pages\/147\/revisions\/194"}],"wp:attachment":[{"href":"https:\/\/cadtec.com.br\/vectorworks-noticias\/wp-json\/wp\/v2\/media?parent=147"}],"curies":[{"name":"wp","href":"https:\/\/api.w.org\/{rel}","templated":true}]}}